{"id":960,"date":"2024-04-15T22:13:49","date_gmt":"2024-04-15T22:13:49","guid":{"rendered":"https:\/\/swissbeautypro.com\/?post_type=product&#038;p=960"},"modified":"2026-02-25T20:30:21","modified_gmt":"2026-02-25T20:30:21","slug":"australian-sheep-placenta","status":"publish","type":"product","link":"https:\/\/swissbeautypro.com\/fr\/produit\/australian-sheep-placenta\/","title":{"rendered":"AUSTRALIAN SHEEP PLACENTA"},"content":{"rendered":"<p><span style=\"color: #000000;\"><strong>DESCRIPTION:<\/strong><\/span><\/p>\n<p class=\" translation-block\">Ce masque aide \u00e0 r\u00e9affirmer et \u00e0 serrer la peau en stimulant la production de collag\u00e8ne, entra\u00eenant \nune peau d'apparence plus ferme. Il aide \u00e0 \u00e9liminer les radicaux libres, \u00e0 prot\u00e9ger les cellules des \ndommages oxydatifs. <br>\n\u2022 Diminuer les pores dilat\u00e9s <br>\n\u2022 Il favorise le processus de gu\u00e9rison. <br>\n\u2022 Riche en nutriments bio-actifs. <br>\n\u2022 Active les cellules basales en r\u00e9duisant les lignes d'expression. <br>\n\u2022 Il contient des facteurs de croissance \u00e9pidermiques.<\/p>\n<p><span style=\"color: #000000;\"><strong>TYPE DE PEAU \/ PR\u00c9OCCUPATIONS CUTAN\u00c9ES :<\/strong> <\/span><\/p>\n<p>Id\u00e9al pour les peaux matures.<\/p>\n<p><span style=\"color: #000000;\"><strong>INGR\u00c9DIENTS ACTIFS :<\/strong><\/span><\/p>\n<p class=\" translation-block\">\u2022 Organic oat flour.<br>\r\n\u2022 Organic rice flour.<br>\r\n\u2022 Sheep placenta.<br>\r\n\u2022 Gold dust.<\/p>\n<p><span style=\"color: #000000;\"><strong>INGR\u00c9DIENTS:<\/strong><\/span><\/p>\n<p class=\" translation-block\">24K Gold Powder &amp; Ovine Placenta, alginate de potassium, alginate de sodium, farine de grains \nentiers bio, silika de glucose, farine de riz blanc biologique, poudre d'\u00e9corce blanche biologique, \novine (mouton) placenta, potassium, magn\u00e9sium, sodium, chlorure, bicarbonate, calcium Sulfate, \nmica, pyrophosphate de sodium, poudre d'or (24 karat), parfum.<\/p>\n<p><span style=\"color: #000000;\"><strong>MODE D\u2019EMPLOI :<\/strong><\/span><\/p>\n<p class=\" translation-block\">\u2022 M\u00e9langer 50 ml de produit avec 40 ml d'eau.<br>\n\u2022 Appliquer sur la surface cutan\u00e9e \u00e0 traiter.<br>\n\u2022 Laisser agir 20 minutes et retirer.<\/p>\n<p><span style=\"color: #000000;\"><strong>APPLICAZIONI:<\/strong><\/span><\/p>\n<p>Visage : 17 applications.<br \/>\nVisage et cou : 10 applications.<\/p>\n<p><span style=\"color: #000000;\"><strong>CONTENU:<\/strong> <\/span><\/p>\n<p>500gr<\/p>","protected":false},"excerpt":{"rendered":"<p><span style=\"color: #000000;\">Livraison 2-3 jours ouvrables<\/span><\/p>","protected":false},"featured_media":961,"comment_status":"open","ping_status":"closed","template":"","meta":[],"product_cat":[110,117,124,125,70,71],"product_tag":[94,76,78,79],"class_list":{"0":"post-960","1":"product","2":"type-product","3":"status-publish","4":"has-post-thumbnail","6":"product_brand-esthemax","7":"product_cat-anti-ageing","8":"product_cat-mature-skin","9":"product_cat-sun-damaged-skin","10":"product_cat-wrinkles","11":"product_cat-products","12":"product_cat-hydrojelly-mask","13":"product_tag-anti-ageing","14":"product_tag-mature-skin","15":"product_tag-sun-damaged-skin","16":"product_tag-wrinkles","18":"first","19":"outofstock","20":"taxable","21":"shipping-taxable","22":"product-type-simple"},"_links":{"self":[{"href":"https:\/\/swissbeautypro.com\/fr\/wp-json\/wp\/v2\/product\/960","targetHints":{"allow":["GET"]}}],"collection":[{"href":"https:\/\/swissbeautypro.com\/fr\/wp-json\/wp\/v2\/product"}],"about":[{"href":"https:\/\/swissbeautypro.com\/fr\/wp-json\/wp\/v2\/types\/product"}],"replies":[{"embeddable":true,"href":"https:\/\/swissbeautypro.com\/fr\/wp-json\/wp\/v2\/comments?post=960"}],"version-history":[{"count":5,"href":"https:\/\/swissbeautypro.com\/fr\/wp-json\/wp\/v2\/product\/960\/revisions"}],"predecessor-version":[{"id":2950,"href":"https:\/\/swissbeautypro.com\/fr\/wp-json\/wp\/v2\/product\/960\/revisions\/2950"}],"wp:featuredmedia":[{"embeddable":true,"href":"https:\/\/swissbeautypro.com\/fr\/wp-json\/wp\/v2\/media\/961"}],"wp:attachment":[{"href":"https:\/\/swissbeautypro.com\/fr\/wp-json\/wp\/v2\/media?parent=960"}],"wp:term":[{"taxonomy":"product_cat","embeddable":true,"href":"https:\/\/swissbeautypro.com\/fr\/wp-json\/wp\/v2\/product_cat?post=960"},{"taxonomy":"product_tag","embeddable":true,"href":"https:\/\/swissbeautypro.com\/fr\/wp-json\/wp\/v2\/product_tag?post=960"}],"curies":[{"name":"wp","href":"https:\/\/api.w.org\/{rel}","templated":true}]}}