{"id":970,"date":"2024-04-15T22:22:54","date_gmt":"2024-04-15T22:22:54","guid":{"rendered":"https:\/\/swissbeautypro.com\/?post_type=product&#038;p=970"},"modified":"2025-12-16T08:11:31","modified_gmt":"2025-12-16T08:11:31","slug":"beta-carotene-floral","status":"publish","type":"product","link":"https:\/\/swissbeautypro.com\/fr\/produit\/beta-carotene-floral\/","title":{"rendered":"BETA-CAROTENE FLORAL"},"content":{"rendered":"<p><span style=\"color: #000000;\"><strong>DESCRIPTION:<\/strong><\/span><\/p>\n<p class=\" translation-block\">Il a un effet calmant sur la peau irrit\u00e9e, son ingr\u00e9dient principal est la b\u00eata-carot\u00e8ne qui devient de la \nvitamine A (r\u00e9tinol). <br>\n\u2022 Acc\u00e9l\u00e8re le remplacement cellulaire, la production de collag\u00e8ne et la fermeture des pores. <br>\n\u2022 Il limite la surproduction de la m\u00e9lanine. <br>\n\u2022 Le c\u00e9ramide fournit une hydratation constante, laissant la peau avec un look sain et plus \n\u00e9clair\u00e9.<\/p>\n<p><strong><span style=\"color: #000000;\">TYPE DE PEAU \/ PR\u00c9OCCUPATIONS CUTAN\u00c9ES :<\/span><\/strong><\/p>\n<p class=\" translation-block\">Id\u00e9al pour les peaux matures pr\u00e9sentant des rides \nd'expression, un aspect terne et une texture irr\u00e9guli\u00e8re, des rougeurs, une peau ab\u00eem\u00e9e et de \nl'ecz\u00e9ma.<\/p>\n<p><span style=\"color: #000000;\"><strong>INGR\u00c9DIENTS ACTIFS :<\/strong><\/span><\/p>\n<p class=\" translation-block\">\u2022 Farine d'avoine biologique. <br>\n\u2022 Calenda organique. <br>\n\u2022 C\u00e9ramides<\/p>\n<p><span style=\"color: #000000;\"><strong>INGR\u00c9DIENTS:<\/strong><\/span><\/p>\n<p class=\" translation-block\">Organic Calendula &amp; Ceramides, Potassium Alginate, Sodium Alginate, Organic Whole Grain Oat<br>\r\nFlour, Organic White Rice Flour, Glucose, Silika, Organic White Willow Bark Powder, Organic<br>\r\nCalendula (Calendula officinalis) POWDER, SODIUM HYALURONATE, CERAMIDES<br>\r\n(TRITICUM VULGARE) EXTRACT Providing Glycolipids, Phytoceramides and<br>\r\nGlycosylCheremides), Calcium Sulfate, Potassium, Magnesium, Sodium Chloride, Bicarbonate,<br>\r\nSodium Pyrophosphate, Organic Calendula (Calendula officinalis) Oil, Fragrance.<\/p>\n<p><span style=\"color: #000000;\"><strong>MODE D\u2019EMPLOI :<\/strong><\/span><\/p>\n<p>\u2022 M\u00e9langer 50 ml du produit avec 40 ml d'eau.<br \/>\n\u2022 Appliquer sur la surface de la peau \u00e0 traiter.<br \/>\n\u2022 Laisser agir 20 minutes et retirer.<\/p>\n<p><span style=\"color: #000000;\"><strong>APPLICAZIONI:<\/strong><\/span><\/p>\n<p>Visage : 17 applications.<br \/>\nViso e collo: 10 applicazioni<\/p>\n<p><span style=\"color: #000000;\"><strong>CONTENU:<\/strong><\/span><\/p>\n<p>500gr<\/p>","protected":false},"excerpt":{"rendered":"<p><span style=\"color: #000000;\">Livraison 2-3 jours ouvrables<\/span><\/p>","protected":false},"featured_media":971,"comment_status":"open","ping_status":"closed","template":"","meta":[],"product_cat":[114,115,116,117,120,122,125,70,71],"product_tag":[94,74,82,77,76,81,80,79],"class_list":{"0":"post-970","1":"product","2":"type-product","3":"status-publish","4":"has-post-thumbnail","6":"product_brand-esthemax","7":"product_cat-dull-skin","8":"product_cat-irritated-skin","9":"product_cat-led-lamp","10":"product_cat-mature-skin","11":"product_cat-redness","12":"product_cat-sensitive-skin","13":"product_cat-wrinkles","14":"product_cat-products","15":"product_cat-hydrojelly-mask","16":"product_tag-anti-ageing","17":"product_tag-dull-skin","18":"product_tag-irritated-skin","19":"product_tag-led-lamp","20":"product_tag-mature-skin","21":"product_tag-redness","22":"product_tag-sensitive-skin","23":"product_tag-wrinkles","25":"first","26":"outofstock","27":"taxable","28":"shipping-taxable","29":"product-type-simple"},"_links":{"self":[{"href":"https:\/\/swissbeautypro.com\/fr\/wp-json\/wp\/v2\/product\/970","targetHints":{"allow":["GET"]}}],"collection":[{"href":"https:\/\/swissbeautypro.com\/fr\/wp-json\/wp\/v2\/product"}],"about":[{"href":"https:\/\/swissbeautypro.com\/fr\/wp-json\/wp\/v2\/types\/product"}],"replies":[{"embeddable":true,"href":"https:\/\/swissbeautypro.com\/fr\/wp-json\/wp\/v2\/comments?post=970"}],"version-history":[{"count":7,"href":"https:\/\/swissbeautypro.com\/fr\/wp-json\/wp\/v2\/product\/970\/revisions"}],"predecessor-version":[{"id":2948,"href":"https:\/\/swissbeautypro.com\/fr\/wp-json\/wp\/v2\/product\/970\/revisions\/2948"}],"wp:featuredmedia":[{"embeddable":true,"href":"https:\/\/swissbeautypro.com\/fr\/wp-json\/wp\/v2\/media\/971"}],"wp:attachment":[{"href":"https:\/\/swissbeautypro.com\/fr\/wp-json\/wp\/v2\/media?parent=970"}],"wp:term":[{"taxonomy":"product_cat","embeddable":true,"href":"https:\/\/swissbeautypro.com\/fr\/wp-json\/wp\/v2\/product_cat?post=970"},{"taxonomy":"product_tag","embeddable":true,"href":"https:\/\/swissbeautypro.com\/fr\/wp-json\/wp\/v2\/product_tag?post=970"}],"curies":[{"name":"wp","href":"https:\/\/api.w.org\/{rel}","templated":true}]}}