{"id":975,"date":"2024-04-15T22:26:29","date_gmt":"2024-04-15T22:26:29","guid":{"rendered":"https:\/\/swissbeautypro.com\/?post_type=product&#038;p=975"},"modified":"2026-03-11T19:22:58","modified_gmt":"2026-03-11T19:22:58","slug":"blue-glacier-cryo-hydrojelly","status":"publish","type":"product","link":"https:\/\/swissbeautypro.com\/fr\/produit\/blue-glacier-cryo-hydrojelly\/","title":{"rendered":"BLUE GLACIER CRYO HYDROJELLY"},"content":{"rendered":"<p><span style=\"color: #000000;\"><strong>DESCRIPTION:<\/strong><\/span><\/p>\n<p>\u2022 Calme et r\u00e9duit l'inflammation<br \/>\n\u2022 Effet tr\u00e8s rafra\u00eechissant<br \/>\n\u2022 G\u00e9n\u00e8re une r\u00e9action endothermique entre 1 et 3 \u00b0C<br \/>\n\u2022 Tonifie la peau<br \/>\n\u2022 R\u00e9duit l'apparence des pores dilat\u00e9s<br \/>\n\u2022 Stimule la synth\u00e8se de nouveau collag\u00e8ne<\/p>\n<p><span style=\"color: #000000;\"><strong>TYPE DE PEAU \/ PR\u00c9OCCUPATIONS CUTAN\u00c9ES :<\/strong> <\/span><\/p>\n<p class=\" translation-block\">Fra\u00eecheur instantan\u00e9e, rafra\u00eechissement et apaisement instantan\u00e9s, anti-imperfections, anti-gonflement<\/p>\n<p><span style=\"color: #000000;\"><strong>INGR\u00c9DIENTS ACTIFS :<\/strong><\/span><\/p>\n<p class=\" translation-block\">\u2022 Xylitol <br>\n\u2022 Argile glaciaire <br>\n\u2022 \u00c9tincelle asiatique <br>\n\u2022 Extrait de noix de coco<\/p>\n<p><span style=\"color: #000000;\"><strong>MODE D\u2019EMPLOI :<\/strong><\/span><\/p>\n<p class=\" translation-block\">\u2022 M\u00e9langer 50 ml de produit avec 40 ml d'eau.<br>\n\u2022 Appliquer sur la surface cutan\u00e9e \u00e0 traiter.<br>\n\u2022 Laisser agir 20 minutes et retirer.<\/p>\n<p><span style=\"color: #000000;\"><strong>APPLICAZIONI:<\/strong><\/span><\/p>\n<p>Visage : 17 applications.<br \/>\nVisage et cou : 10 applications.<\/p>\n<p><span style=\"color: #000000;\"><strong>CONTENU:<\/strong><\/span><\/p>\n<p>500gr<\/p>","protected":false},"excerpt":{"rendered":"<p><span style=\"color: #000000;\">Livraison 2-3 jours ouvrables<\/span><\/p>","protected":false},"featured_media":976,"comment_status":"open","ping_status":"closed","template":"","meta":[],"product_cat":[110,112,115,120,70,71],"product_tag":[94,83,82,81],"class_list":{"0":"post-975","1":"product","2":"type-product","3":"status-publish","4":"has-post-thumbnail","6":"product_brand-esthemax","7":"product_cat-anti-ageing","8":"product_cat-blemishes","9":"product_cat-irritated-skin","10":"product_cat-redness","11":"product_cat-products","12":"product_cat-hydrojelly-mask","13":"product_tag-anti-ageing","14":"product_tag-blemishes","15":"product_tag-irritated-skin","16":"product_tag-redness","18":"first","19":"outofstock","20":"taxable","21":"shipping-taxable","22":"product-type-simple"},"_links":{"self":[{"href":"https:\/\/swissbeautypro.com\/fr\/wp-json\/wp\/v2\/product\/975","targetHints":{"allow":["GET"]}}],"collection":[{"href":"https:\/\/swissbeautypro.com\/fr\/wp-json\/wp\/v2\/product"}],"about":[{"href":"https:\/\/swissbeautypro.com\/fr\/wp-json\/wp\/v2\/types\/product"}],"replies":[{"embeddable":true,"href":"https:\/\/swissbeautypro.com\/fr\/wp-json\/wp\/v2\/comments?post=975"}],"version-history":[{"count":5,"href":"https:\/\/swissbeautypro.com\/fr\/wp-json\/wp\/v2\/product\/975\/revisions"}],"predecessor-version":[{"id":2947,"href":"https:\/\/swissbeautypro.com\/fr\/wp-json\/wp\/v2\/product\/975\/revisions\/2947"}],"wp:featuredmedia":[{"embeddable":true,"href":"https:\/\/swissbeautypro.com\/fr\/wp-json\/wp\/v2\/media\/976"}],"wp:attachment":[{"href":"https:\/\/swissbeautypro.com\/fr\/wp-json\/wp\/v2\/media?parent=975"}],"wp:term":[{"taxonomy":"product_cat","embeddable":true,"href":"https:\/\/swissbeautypro.com\/fr\/wp-json\/wp\/v2\/product_cat?post=975"},{"taxonomy":"product_tag","embeddable":true,"href":"https:\/\/swissbeautypro.com\/fr\/wp-json\/wp\/v2\/product_tag?post=975"}],"curies":[{"name":"wp","href":"https:\/\/api.w.org\/{rel}","templated":true}]}}