{"id":985,"date":"2024-04-15T22:50:36","date_gmt":"2024-04-15T22:50:36","guid":{"rendered":"https:\/\/swissbeautypro.com\/?post_type=product&#038;p=985"},"modified":"2026-04-07T15:07:11","modified_gmt":"2026-04-07T15:07:11","slug":"chi-energy-infused","status":"publish","type":"product","link":"https:\/\/swissbeautypro.com\/fr\/produit\/chi-energy-infused\/","title":{"rendered":"CHI ENERGY INFUSED"},"content":{"rendered":"<p><span style=\"color: #000000;\"><strong>DESCRIPTION:<\/strong><\/span><\/p>\n<p class=\" translation-block\">\u2022 CBD (Cannabidol sans TCH) <br>\n\u2022 Effet anti-inflammatoire et analg\u00e9sique <br>\n\u2022 Propri\u00e9t\u00e9s d\u00e9sensibilisantes <br>\n\u2022 Propri\u00e9t\u00e9s hypoallerg\u00e9niques et anti-irritantes. <br>\n\u2022 Les cristaux de quartz agissent ensemble comme conducteurs et r\u00e9g\u00e9n\u00e9rateurs d\u2019\u00e9nergie.<\/p>\n<p><span style=\"color: #000000;\"><strong>TYPE DE PEAU \/ PR\u00c9OCCUPATIONS CUTAN\u00c9ES :<\/strong> <\/span><\/p>\n<p>Peau sensible, Anti-inflammatoire, Renouvellement \n\u00e9nerg\u00e9tique<\/p>\n<p><span style=\"color: #000000;\"><strong>INGR\u00c9DIENTS ACTIFS :<\/strong><\/span><\/p>\n<p>\u2022 Portulaca oleracea extract.<br \/>\nExtrait de Portulaca oleracea<br \/>\n\u2022 Feuille de th\u00e9 vert<br \/>\n\u2022 Extrait de Centella Asiatica<\/p>\n<p><span style=\"color: #000000;\"><strong>MODE D\u2019EMPLOI :<\/strong><\/span><\/p>\n<p class=\" translation-block\">\u2022 M\u00e9langer 50 ml de produit avec 40 ml d'eau.<br>\n\u2022 Appliquer sur la surface cutan\u00e9e \u00e0 traiter.<br>\n\u2022 Laisser agir 20 minutes et retirer.<\/p>\n<p><span style=\"color: #000000;\"><strong>APPLICAZIONI:<\/strong><\/span><\/p>\n<p>Visage : 17 applications.<br \/>\nVisage et cou : 10 applications.<\/p>\n<p><span style=\"color: #000000;\"><strong>CONTENU:<\/strong> :<\/span><\/p>\n<p>500gr<\/p>","protected":false},"excerpt":{"rendered":"<p><span style=\"color: #000000;\">Livraison 2-3 jours ouvrables<\/span><\/p>","protected":false},"featured_media":986,"comment_status":"open","ping_status":"closed","template":"","meta":[],"product_cat":[111,115,122,70,71],"product_tag":[94,85,82,80],"class_list":{"0":"post-985","1":"product","2":"type-product","3":"status-publish","4":"has-post-thumbnail","6":"product_brand-esthemax","7":"product_cat-antioxidant","8":"product_cat-irritated-skin","9":"product_cat-sensitive-skin","10":"product_cat-products","11":"product_cat-hydrojelly-mask","12":"product_tag-anti-ageing","13":"product_tag-antioxidant","14":"product_tag-irritated-skin","15":"product_tag-sensitive-skin","17":"first","18":"outofstock","19":"taxable","20":"shipping-taxable","21":"product-type-simple"},"_links":{"self":[{"href":"https:\/\/swissbeautypro.com\/fr\/wp-json\/wp\/v2\/product\/985","targetHints":{"allow":["GET"]}}],"collection":[{"href":"https:\/\/swissbeautypro.com\/fr\/wp-json\/wp\/v2\/product"}],"about":[{"href":"https:\/\/swissbeautypro.com\/fr\/wp-json\/wp\/v2\/types\/product"}],"replies":[{"embeddable":true,"href":"https:\/\/swissbeautypro.com\/fr\/wp-json\/wp\/v2\/comments?post=985"}],"version-history":[{"count":5,"href":"https:\/\/swissbeautypro.com\/fr\/wp-json\/wp\/v2\/product\/985\/revisions"}],"predecessor-version":[{"id":2945,"href":"https:\/\/swissbeautypro.com\/fr\/wp-json\/wp\/v2\/product\/985\/revisions\/2945"}],"wp:featuredmedia":[{"embeddable":true,"href":"https:\/\/swissbeautypro.com\/fr\/wp-json\/wp\/v2\/media\/986"}],"wp:attachment":[{"href":"https:\/\/swissbeautypro.com\/fr\/wp-json\/wp\/v2\/media?parent=985"}],"wp:term":[{"taxonomy":"product_cat","embeddable":true,"href":"https:\/\/swissbeautypro.com\/fr\/wp-json\/wp\/v2\/product_cat?post=985"},{"taxonomy":"product_tag","embeddable":true,"href":"https:\/\/swissbeautypro.com\/fr\/wp-json\/wp\/v2\/product_tag?post=985"}],"curies":[{"name":"wp","href":"https:\/\/api.w.org\/{rel}","templated":true}]}}