{"id":989,"date":"2024-04-15T22:53:25","date_gmt":"2024-04-15T22:53:25","guid":{"rendered":"https:\/\/swissbeautypro.com\/?post_type=product&#038;p=989"},"modified":"2026-03-10T21:29:32","modified_gmt":"2026-03-10T21:29:32","slug":"cica-complexion-care","status":"publish","type":"product","link":"https:\/\/swissbeautypro.com\/fr\/produit\/cica-complexion-care\/","title":{"rendered":"CICA COMPLEXION CARE"},"content":{"rendered":"<p><span style=\"color: #000000;\"><strong>DESCRIPTION:<\/strong><\/span><\/p>\n<p class=\" translation-block\">\u2022 Il aide \u00e0 augmenter le flux sanguin dans les blessures \u00e0 la peau ou les blessures, favorisant \nainsi le processus de gu\u00e9rison. <br>\n\u2022 R\u00e9duit la formation de tissu cicatriciel et am\u00e9liore l'\u00e9lasticit\u00e9 de la peau. <br>\n\u2022 Il stimule la synth\u00e8se du collag\u00e8ne en r\u00e9duisant l'apparence de rides superficielles et \nprofondes. <br>\n\u2022 Il contient des propri\u00e9t\u00e9s antiseptiques. <br>\n\u2022 Cette formule diminue l'apparence des imperfections et r\u00e9tablit la sant\u00e9 et la vitalit\u00e9 de la \npeau tout en am\u00e9liorant le processus de renouvellement cellulaire.<\/p>\n<p><span style=\"color: #000000;\"><strong>TYPE DE PEAU \/ PR\u00c9OCCUPATIONS CUTAN\u00c9ES :<\/strong> <\/span><\/p>\n<p class=\" translation-block\">Peaux sensibles, \u00e0 imperfections, patients \u00e0 tendance acn\u00e9ique, avec acn\u00e9<br>\ncicatrices ou blessures cutan\u00e9es.l'acn\u00e9, avec des cicatrices d'acn\u00e9 ou des plaies cutan\u00e9es<\/p>\n<p><span style=\"color: #000000;\"><strong>INGR\u00c9DIENTS ACTIFS :<\/strong><\/span><\/p>\n<p class=\" translation-block\">Jasmine biologique: contient des propri\u00e9t\u00e9s antiseptiques (antivirales, antibiotiques et \nantifongiques) qui le rendent id\u00e9al pour la cicatrisation des plaies, la pr\u00e9vention et le \ntraitement des infections cutan\u00e9es. Ses propri\u00e9t\u00e9s \u00e9tonnantes r\u00e9duisent l'inflammation, la \nrougeur et la douleur. \n<br>\n\u00c9vier asiatique: r\u00e9pare et r\u00e9duit les cicatrices. Traiter l'acn\u00e9 et calme la peau sensible et \nirrit\u00e9e. Favorise la r\u00e9g\u00e9n\u00e9ration des cellules.<\/p>\n<p><span style=\"color: #000000;\"><strong>INGR\u00c9DIENTS:<\/strong><\/span><\/p>\n<p class=\" translation-block\">Alginate de potassium, alginate de sodium, farine d'avoine de grains entiers bio, farine de riz blanc \norganique, glucose, silika, * Bio White Willow Back poudre, * Poudre de jasmin (Jasminum) (Jasminm), * \nBio Gotu Kola (Centella Asiatica), Sulfate de calcium, Phytonadione (Vitamine K), hyaluronate de sodium, \npotassium, magn\u00e9sium, sodium, chlorure, bicarbonate, pyrophosphate de sodium, * jasmin organique \n(jasmin) huile, parfum<\/p>\n<p><span style=\"color: #000000;\"><strong>MODE D\u2019EMPLOI :<\/strong><\/span><\/p>\n<p>\u2022 M\u00e9langer 50 ml du produit avec 40 ml d'eau.<br \/>\n\u2022 Appliquer sur la surface de la peau \u00e0 traiter.<br \/>\n\u2022 Laisser agir 20 minutes et retirer.<\/p>\n<p><span style=\"color: #000000;\"><strong>APPLICAZIONI:<\/strong><\/span><\/p>\n<p>Visage : 17 applications.<br \/>\nViso e collo: 10 applicazioni<\/p>\n<p><span style=\"color: #000000;\"><strong>CONTENU:<\/strong><\/span><\/p>\n<p>500gr<\/p>","protected":false},"excerpt":{"rendered":"<p><span style=\"color: #000000;\">Livraison 2-3 jours ouvrables<\/span><\/p>","protected":false},"featured_media":990,"comment_status":"open","ping_status":"closed","template":"","meta":[],"product_cat":[107,112,71,116,70,122],"product_tag":[86,94,83,77,80],"class_list":{"0":"post-989","1":"product","2":"type-product","3":"status-publish","4":"has-post-thumbnail","6":"product_brand-esthemax","7":"product_cat-acne","8":"product_cat-blemishes","9":"product_cat-hydrojelly-mask","10":"product_cat-led-lamp","11":"product_cat-products","12":"product_cat-sensitive-skin","13":"product_tag-acne","14":"product_tag-anti-ageing","15":"product_tag-blemishes","16":"product_tag-led-lamp","17":"product_tag-sensitive-skin","19":"first","20":"outofstock","21":"taxable","22":"shipping-taxable","23":"product-type-simple"},"_links":{"self":[{"href":"https:\/\/swissbeautypro.com\/fr\/wp-json\/wp\/v2\/product\/989","targetHints":{"allow":["GET"]}}],"collection":[{"href":"https:\/\/swissbeautypro.com\/fr\/wp-json\/wp\/v2\/product"}],"about":[{"href":"https:\/\/swissbeautypro.com\/fr\/wp-json\/wp\/v2\/types\/product"}],"replies":[{"embeddable":true,"href":"https:\/\/swissbeautypro.com\/fr\/wp-json\/wp\/v2\/comments?post=989"}],"version-history":[{"count":5,"href":"https:\/\/swissbeautypro.com\/fr\/wp-json\/wp\/v2\/product\/989\/revisions"}],"predecessor-version":[{"id":2944,"href":"https:\/\/swissbeautypro.com\/fr\/wp-json\/wp\/v2\/product\/989\/revisions\/2944"}],"wp:featuredmedia":[{"embeddable":true,"href":"https:\/\/swissbeautypro.com\/fr\/wp-json\/wp\/v2\/media\/990"}],"wp:attachment":[{"href":"https:\/\/swissbeautypro.com\/fr\/wp-json\/wp\/v2\/media?parent=989"}],"wp:term":[{"taxonomy":"product_cat","embeddable":true,"href":"https:\/\/swissbeautypro.com\/fr\/wp-json\/wp\/v2\/product_cat?post=989"},{"taxonomy":"product_tag","embeddable":true,"href":"https:\/\/swissbeautypro.com\/fr\/wp-json\/wp\/v2\/product_tag?post=989"}],"curies":[{"name":"wp","href":"https:\/\/api.w.org\/{rel}","templated":true}]}}