{"id":993,"date":"2024-04-15T22:56:05","date_gmt":"2024-04-15T22:56:05","guid":{"rendered":"https:\/\/swissbeautypro.com\/?post_type=product&#038;p=993"},"modified":"2026-03-12T06:57:50","modified_gmt":"2026-03-12T06:57:50","slug":"discoloration-alpha-arbutin-hydrojelly","status":"publish","type":"product","link":"https:\/\/swissbeautypro.com\/fr\/produit\/discoloration-alpha-arbutin-hydrojelly\/","title":{"rendered":"DISCOLORATION ALPHA ARBUTIN HYDROJELLY"},"content":{"rendered":"<p><span style=\"color: #000000;\"><strong>DESCRIPTION:<\/strong><\/span><\/p>\n<p class=\" translation-block\">Id\u00e9al pour le traitement de l'hyperpigmentation cutan\u00e9e sans augmenter la sensibilit\u00e9 de la peau, en \nneutralisant les effets irritants ou allerg\u00e8nes sur les m\u00e9lanocytes. <br>\nL'alpha arbutine exerce son effet d\u00e9pigmentant en inhibant efficacement l'activit\u00e9 de la tyrosinase \net, par cons\u00e9quent, la production de m\u00e9lanine. Il acc\u00e9l\u00e8re \u00e9galement la d\u00e9gradation et l'\u00e9limination \nde la m\u00e9lanine et inhibe la maturation des m\u00e9lanosomes. <br>\nLe glutathion prot\u00e8ge les cellules de l'oxydation en combattant les radicaux libres<\/p>\n<p><span style=\"color: #000000;\"><strong>TYPE DE PEAU \/ PR\u00c9OCCUPATIONS CUTAN\u00c9ES :<\/strong> <\/span><\/p>\n<p class=\" translation-block\">Hyperpigmentation, taches sombres, m\u00e9lasma, teint terne et texture irr\u00e9guli\u00e8re.<\/p>\n<p><span style=\"color: #000000;\"><strong>INGR\u00c9DIENTS ACTIFS :<\/strong><\/span><\/p>\n<p>Farine d'avoine biologique.<br \/>\n\u2022 Calendula biologique.<br \/>\n\u2022 Alpha Arbutine<br \/>\n\u2022 Glutathion<\/p>\n<p><span style=\"color: #000000;\"><strong>INGR\u00c9DIENTS:<\/strong><\/span><\/p>\n<p class=\" translation-block\">Potassium Alginate, Algin, Oryza sativa Powder, Sodium Hyaluronate, Glucose, Salix Alba Bark \nPowder, Alpha-Arbutin, Glutathione, Calcium Sulfate, Potassium Chloride, Magnesium Sulfate, \nDiatomaceous Earth, Sodium chloride, CI 15850, CI 19140, CI 75470<\/p>\n<p><span style=\"color: #000000;\"><strong>COMMENT UTILISER:<\/strong><\/span><\/p>\n<p class=\" translation-block\">\u2022 M\u00e9langer 50 ml de produit avec 40 ml d'eau.<br>\n\u2022 Appliquer sur la surface cutan\u00e9e \u00e0 traiter.<br>\n\u2022 Laisser agir 20 minutes et retirer.<\/p>\n<p><span style=\"color: #000000;\"><strong>APPLICAZIONI:<\/strong><\/span><\/p>\n<p>Viso: 17 applicazioni<br \/>\nViso e collo: 10 applicazioni<\/p>\n<p><strong><span style=\"color: #000000;\">CONTENU:<\/span> <\/strong><\/p>\n<p>500gr<\/p>","protected":false},"excerpt":{"rendered":"<p><span style=\"color: #000000;\">Livraison 2-3 jours ouvrables<\/span><\/p>","protected":false},"featured_media":994,"comment_status":"open","ping_status":"closed","template":"","meta":[],"product_cat":[114,71,119,70,125],"product_tag":[74,84,79],"class_list":{"0":"post-993","1":"product","2":"type-product","3":"status-publish","4":"has-post-thumbnail","6":"product_brand-esthemax","7":"product_cat-dull-skin","8":"product_cat-hydrojelly-mask","9":"product_cat-pigmentation","10":"product_cat-products","11":"product_cat-wrinkles","12":"product_tag-dull-skin","13":"product_tag-pigmentation","14":"product_tag-wrinkles","16":"first","17":"outofstock","18":"taxable","19":"shipping-taxable","20":"product-type-simple"},"_links":{"self":[{"href":"https:\/\/swissbeautypro.com\/fr\/wp-json\/wp\/v2\/product\/993","targetHints":{"allow":["GET"]}}],"collection":[{"href":"https:\/\/swissbeautypro.com\/fr\/wp-json\/wp\/v2\/product"}],"about":[{"href":"https:\/\/swissbeautypro.com\/fr\/wp-json\/wp\/v2\/types\/product"}],"replies":[{"embeddable":true,"href":"https:\/\/swissbeautypro.com\/fr\/wp-json\/wp\/v2\/comments?post=993"}],"version-history":[{"count":5,"href":"https:\/\/swissbeautypro.com\/fr\/wp-json\/wp\/v2\/product\/993\/revisions"}],"predecessor-version":[{"id":2943,"href":"https:\/\/swissbeautypro.com\/fr\/wp-json\/wp\/v2\/product\/993\/revisions\/2943"}],"wp:featuredmedia":[{"embeddable":true,"href":"https:\/\/swissbeautypro.com\/fr\/wp-json\/wp\/v2\/media\/994"}],"wp:attachment":[{"href":"https:\/\/swissbeautypro.com\/fr\/wp-json\/wp\/v2\/media?parent=993"}],"wp:term":[{"taxonomy":"product_cat","embeddable":true,"href":"https:\/\/swissbeautypro.com\/fr\/wp-json\/wp\/v2\/product_cat?post=993"},{"taxonomy":"product_tag","embeddable":true,"href":"https:\/\/swissbeautypro.com\/fr\/wp-json\/wp\/v2\/product_tag?post=993"}],"curies":[{"name":"wp","href":"https:\/\/api.w.org\/{rel}","templated":true}]}}