{"id":997,"date":"2024-04-15T23:00:01","date_gmt":"2024-04-15T23:00:01","guid":{"rendered":"https:\/\/swissbeautypro.com\/?post_type=product&#038;p=997"},"modified":"2026-01-20T22:04:35","modified_gmt":"2026-01-20T22:04:35","slug":"egyptian-rose","status":"publish","type":"product","link":"https:\/\/swissbeautypro.com\/fr\/produit\/egyptian-rose\/","title":{"rendered":"EGYPTIAN ROSE"},"content":{"rendered":"<p><span style=\"color: #000000;\"><strong>DESCRIPTION:<\/strong><\/span><\/p>\n<p class=\" translation-block\">Le masque de rose \u00e9gyptien contient huit types de p\u00e9tales de rose, maintient la peau hydrat\u00e9e tout \nau long de la journ\u00e9e. La peau commence \u00e0 r\u00e9cup\u00e9rer sa fermet\u00e9 et sa flexibilit\u00e9 tout en r\u00e9duisant \nl'apparition de lignes fines et de rides. <br>\n\u2022 Illumine la peau. <br>\n\u2022 Maintient la peau hydrat\u00e9e. <br>\n\u2022 Renvoie votre fermet\u00e9 \u00e0 la peau tout en r\u00e9duisant l'apparence des lignes d'expression.<br> \n\u2022 R\u00e9duit les hyperpigmentations cutan\u00e9es en offrant une couleur plus uniforme sur la peau.<\/p>\n<p><span style=\"color: #000000;\"><strong>TYPE DE PEAU \/ PR\u00c9OCCUPATIONS CUTAN\u00c9ES :<\/strong> <\/span><\/p>\n<p class=\" translation-block\">Tous types de peau, peaux matures, tonalit\u00e9 irr\u00e9guli\u00e8re.<\/p>\n<p><span style=\"color: #000000;\"><strong>INGR\u00c9DIENTS ACTIFS :<\/strong><\/span><\/p>\n<p>Poudre biologique des bourgeons de p\u00e9tales de roses.<\/p>\n<p><span style=\"color: #000000;\"><strong>INGR\u00c9DIENTS:<\/strong><\/span><\/p>\n<p class=\" translation-block\">P\u00e9tales de rose organiques (vitamine C) et budgets de roses biologiques, alginate de potassium, \nalginate de sodium, farine d'avoine de grains entiers bio, flou de riz blanc biologique, glucose, \nsilika, poudre d'\u00e9corce blanche biologique, p\u00e9tales de rose biologique, boutons de rose rouge et \np\u00e9tales (rose Centiffolia) Poudre, sulfate de calcium, potassium, magn\u00e9sium, sodium, chlorure, \nbicarbonate, pyrophosphate de sodium, parfum.<\/p>\n<p><span style=\"color: #000000;\"><strong>MODE D\u2019EMPLOI :<\/strong><\/span><\/p>\n<p class=\" translation-block\">\u2022 M\u00e9langer 50 ml de produit avec 40 ml d'eau.<br>\n\u2022 Appliquer sur la surface cutan\u00e9e \u00e0 traiter.<br>\n\u2022 Laisser agir 20 minutes et retirer.<\/p>\n<p><span style=\"color: #000000;\"><strong>APPLICAZIONI:<\/strong><\/span><\/p>\n<p>Visage : 17 applications.<\/p>\n<p>Viso e collo: 10 applicazioni<\/p>\n<p><span style=\"color: #000000;\"><strong>CONTENU:<\/strong> <\/span><\/p>\n<p>500gr<\/p>","protected":false},"excerpt":{"rendered":"<p><span style=\"color: #000000;\">Livraison 2-3 jours ouvrables<\/span><\/p>","protected":false},"featured_media":999,"comment_status":"open","ping_status":"closed","template":"","meta":[],"product_cat":[109,113,114,116,70,71],"product_tag":[87,94,73,74,77],"class_list":{"0":"post-997","1":"product","2":"type-product","3":"status-publish","4":"has-post-thumbnail","6":"product_brand-esthemax","7":"product_cat-all-skin-types","8":"product_cat-dry-skin","9":"product_cat-dull-skin","10":"product_cat-led-lamp","11":"product_cat-products","12":"product_cat-hydrojelly-mask","13":"product_tag-all-skin-types","14":"product_tag-anti-ageing","15":"product_tag-dry-skin","16":"product_tag-dull-skin","17":"product_tag-led-lamp","19":"first","20":"outofstock","21":"taxable","22":"shipping-taxable","23":"product-type-simple"},"_links":{"self":[{"href":"https:\/\/swissbeautypro.com\/fr\/wp-json\/wp\/v2\/product\/997","targetHints":{"allow":["GET"]}}],"collection":[{"href":"https:\/\/swissbeautypro.com\/fr\/wp-json\/wp\/v2\/product"}],"about":[{"href":"https:\/\/swissbeautypro.com\/fr\/wp-json\/wp\/v2\/types\/product"}],"replies":[{"embeddable":true,"href":"https:\/\/swissbeautypro.com\/fr\/wp-json\/wp\/v2\/comments?post=997"}],"version-history":[{"count":5,"href":"https:\/\/swissbeautypro.com\/fr\/wp-json\/wp\/v2\/product\/997\/revisions"}],"predecessor-version":[{"id":2942,"href":"https:\/\/swissbeautypro.com\/fr\/wp-json\/wp\/v2\/product\/997\/revisions\/2942"}],"wp:featuredmedia":[{"embeddable":true,"href":"https:\/\/swissbeautypro.com\/fr\/wp-json\/wp\/v2\/media\/999"}],"wp:attachment":[{"href":"https:\/\/swissbeautypro.com\/fr\/wp-json\/wp\/v2\/media?parent=997"}],"wp:term":[{"taxonomy":"product_cat","embeddable":true,"href":"https:\/\/swissbeautypro.com\/fr\/wp-json\/wp\/v2\/product_cat?post=997"},{"taxonomy":"product_tag","embeddable":true,"href":"https:\/\/swissbeautypro.com\/fr\/wp-json\/wp\/v2\/product_tag?post=997"}],"curies":[{"name":"wp","href":"https:\/\/api.w.org\/{rel}","templated":true}]}}