{"id":1674,"date":"2024-05-06T15:45:58","date_gmt":"2024-05-06T15:45:58","guid":{"rendered":"https:\/\/swissbeautypro.com\/?post_type=product&#038;p=1674"},"modified":"2024-09-11T22:54:30","modified_gmt":"2024-09-11T22:54:30","slug":"detoxifying-and-seboregulating-protocol","status":"publish","type":"product","link":"https:\/\/swissbeautypro.com\/it\/prodotto\/detoxifying-and-seboregulating-protocol\/","title":{"rendered":"DISINTOSSICANTE E SEBOREGOLATORE"},"content":{"rendered":"<p>&#8211; 1 Enzyme powder<br \/>\n&#8211; 1 Vitamin Cream Face Mask<br \/>\n&#8211; 1 Super Greens Strength Hydrojelly Mask or Purifying Actived Charcoal<br \/>\n&#8211; 1 O2 Cure serum<\/p>\n<p><span style=\"color: #000000;\"><strong>Fase 1:<\/strong><\/span><span style=\"color: #993300;\"><a style=\"color: #993300; text-decoration: underline;\" href=\"https:\/\/swissbeautypro.com\/product\/enzyme-powder-includes-measuring-cup\/\">Enzyme Powder<\/a><\/span><\/p>\n<p class=\" translation-block\">Questa fase \u00e8 essenziale per preparare la pelle prima di qualsiasi procedura medico-estetica. Aiuta a \npulire in profondit\u00e0 la pelle e a dilatare i pori per eliminare tutte le impurit\u00e0, comprese creme e \ntrucco. Inoltre, i suoi componenti enzimatici effettuano un'esfoliazione superficiale dello strato \ncorneo eliminando le cellule morte.<\/p>\n<p><span style=\"color: #000000;\"><strong>Principi attivi:<\/strong><\/span><\/p>\n<p>\u2022 Papaina<br \/>\n\u2022 Allantoina<\/p>\n<p><span style=\"color: #000000;\"><strong>Fase 2:<\/strong> <span style=\"text-decoration: underline; color: #993300;\"><a style=\"color: #993300; text-decoration: underline;\" href=\"https:\/\/swissbeautypro.com\/product\/vitamin-face-mask\/\">Vitamin Cream Face Mask<\/a><\/span><\/span><\/p>\n<p class=\" translation-block\">Il meccanismo d'azione dell'alfa arbutina \u00e8 quello di inibire l'attivit\u00e0 della tirosinasi, rallentando il \nprocesso di pigmentazione ed eliminando progressivamente l'iperpigmentazione cutanea; insieme al \npompelmo, frutto ricco di vitamina C, B2, B3, potassio, calcio, ferro, fosforo, magnesio e minerali, \nschiarisce, ammorbidisce e dona un effetto luminoso alla pelle.<\/p>\n<p class=\" translation-block\">Principi attivi: <br>\n\u2022 Arbutina <br>\n\u2022 Pompelmo<\/p>\n<p><span style=\"color: #000000;\"><strong>Fase 3:<\/strong> <span style=\"color: #993300;\"><a style=\"color: #993300; text-decoration: underline;\" href=\"https:\/\/swissbeautypro.com\/product\/super-greens-strength\/\">Super Greens Strength Hydrojelly<\/a><\/span><\/span> Mask or <span style=\"color: #993300;\"><a style=\"color: #993300; text-decoration: underline;\" href=\"https:\/\/swissbeautypro.com\/product\/purifying-actived-charcoal\/\">Purifying Activated Charcoal<\/a><\/span><\/p>\n<p class=\" translation-block\">La maschera Super Greens Strength \u00e8 ricca di micronutrienti, flavonoidi e fito-nutrienti che \nripristinano il pH della pelle e permettono la sintesi di nuove proteine. Riduce le impurit\u00e0 della pelle \ngrazie al suo effetto detox.<\/p>\n<p><span style=\"color: #000000;\">Principi attivi:<\/span><\/p>\n<p class=\" translation-block\">\u2022 Polvere biologica di cavolo, spinaci, erba medica, spirulina, moringa, olivo, acerola, olivo, \norzo, psillio e baobad. <br>\n\u2022 Corteccia di salice <br>\n\u2022 Semi di kiwi<\/p>\n<p>O<\/p>\n<p class=\" translation-block\">Purifying Activated Charcoal Mask tratta le ferite post-rasatura, la follicolite, gli arrossamenti e la \npigmentazione. \u00c8 una maschera purificante che pulisce in profondit\u00e0. \u00c8 efficace per i trattamenti \ndell'acne lieve.<\/p>\n<p class=\" translation-block\">Principi attivi: <br>\n<br>\n\u2022 Carbone puro <br>\n\u2022 Estratto di albero del t\u00e8 <br>\n\u2022 Estratto essenziale di foglie di menta piperita<\/p>\n<p><strong><span style=\"color: #000000;\">Fase 4:<\/span> <\/strong><span style=\"text-decoration: underline;\"><span style=\"color: #993300;\"><a style=\"color: #993300; text-decoration: underline;\" href=\"https:\/\/swissbeautypro.com\/product\/o2-20-serum\/\">O2 Cure Serum<\/a><\/span><\/span><\/p>\n<p class=\" translation-block\">Ha una concentrazione di ossigeno del 20% che, insieme al rosmarino e al melograno \ndell'Himalaya, rivitalizza la pelle spenta da vari fattori come l'et\u00e0, lo stress o l'inquinamento, \nfornendo propriet\u00e0 astringenti, antisettiche, detergenti ed emollienti.<\/p>\n<p><span style=\"color: #000000;\"><strong>Come applicare:<\/strong><\/span><\/p>\n<p><strong><span style=\"color: #000000;\">Fase 1:<\/span><\/strong><\/p>\n<p class=\" translation-block\">\u2022 Mescolare 2,5 g di Enzyme Powder con 5 ml di acqua (metro pieno). <br>\n\u2022 Mescolare per 1 minuto fino a ottenere una schiuma. <br>\n\u2022 Applicare su tutto il viso con un pennello a ventaglio e massaggiare. <br>\n\u2022 Lasciare agire per 7 minuti. <br>\n\u2022 Rimuovere il prodotto con un panno umido o una garza. <br>\n* Sulla pelle sensibile lasciare agire per 5 minuti e rimuovere.<\/p>\n<p><span style=\"color: #000000;\"><strong>Fase 2:<\/strong><\/span><\/p>\n<p class=\" translation-block\">\u2022 Applicare la quantit\u00e0 desiderata di Vitamin Cream Face Mask sulla zona da trattare. <br>\n\u2022 Massaggiare la crema con movimenti circolari e lasciare agire per 5-7 minuti. <br>\n\u2022 Rimuovere l'eccesso con un panno o una spatola. <br>\n\u2022 Asciugare il viso con un panno umido.<\/p>\n<p><span style=\"color: #000000;\"><strong>Fase 3:<\/strong><\/span><\/p>\n<p class=\" translation-block\">\u2022 Mescolare 50 g di Super Greens Strength Hydrojelly Mask o di Purifying Activated \nCharcoal con 40 ml di acqua fino a raggiungere la consistenza di un gel. <br>\n\u2022 Applicare sulla superficie della pelle da trattare, stendendo la miscela in modo uniforme. <br>\n\u2022 Assicurarsi di lasciare uno strato spesso sui bordi esterni della maschera. \n\u2022 Lasciare in posa per 15-20 minuti. <br>\n\u2022 Sollevare i bordi e rimuovere la maschera in un unico passaggio.<\/p>\n<p><span style=\"color: #000000;\"><strong>Fase 4:<\/strong><\/span><\/p>\n<p>- Applicare 3-4 gocce di O2 Cure Serum sulla zona trattata e massaggiare fino a completo \nassorbimento.<\/p>","protected":false},"excerpt":{"rendered":"<p><span style=\"color: #000000;\">Consegna 2-3 giorni lavorativi<\/span><\/p>","protected":false},"featured_media":1663,"comment_status":"closed","ping_status":"closed","template":"","meta":[],"product_cat":[129],"product_tag":[],"class_list":{"0":"post-1674","1":"product","2":"type-product","3":"status-publish","4":"has-post-thumbnail","6":"product_cat-detoxifying-and-seboregulating","8":"first","9":"outofstock","10":"taxable","11":"shipping-taxable","12":"product-type-simple"},"_links":{"self":[{"href":"https:\/\/swissbeautypro.com\/it\/wp-json\/wp\/v2\/product\/1674","targetHints":{"allow":["GET"]}}],"collection":[{"href":"https:\/\/swissbeautypro.com\/it\/wp-json\/wp\/v2\/product"}],"about":[{"href":"https:\/\/swissbeautypro.com\/it\/wp-json\/wp\/v2\/types\/product"}],"replies":[{"embeddable":true,"href":"https:\/\/swissbeautypro.com\/it\/wp-json\/wp\/v2\/comments?post=1674"}],"version-history":[{"count":6,"href":"https:\/\/swissbeautypro.com\/it\/wp-json\/wp\/v2\/product\/1674\/revisions"}],"predecessor-version":[{"id":2886,"href":"https:\/\/swissbeautypro.com\/it\/wp-json\/wp\/v2\/product\/1674\/revisions\/2886"}],"wp:featuredmedia":[{"embeddable":true,"href":"https:\/\/swissbeautypro.com\/it\/wp-json\/wp\/v2\/media\/1663"}],"wp:attachment":[{"href":"https:\/\/swissbeautypro.com\/it\/wp-json\/wp\/v2\/media?parent=1674"}],"wp:term":[{"taxonomy":"product_cat","embeddable":true,"href":"https:\/\/swissbeautypro.com\/it\/wp-json\/wp\/v2\/product_cat?post=1674"},{"taxonomy":"product_tag","embeddable":true,"href":"https:\/\/swissbeautypro.com\/it\/wp-json\/wp\/v2\/product_tag?post=1674"}],"curies":[{"name":"wp","href":"https:\/\/api.w.org\/{rel}","templated":true}]}}